{"id":12672,"date":"2023-08-11T13:51:05","date_gmt":"2023-08-11T10:51:05","guid":{"rendered":"https:\/\/hafeztaplux.com\/turkiyede-banka-hesabi-acmak\/"},"modified":"2025-01-11T13:21:04","modified_gmt":"2025-01-11T10:21:04","slug":"turkiyede-banka-hesabi-acmak","status":"publish","type":"page","link":"https:\/\/hafeztaplux.com\/tr\/turkiyede-banka-hesabi-acmak\/","title":{"rendered":"T\u00fcrkiye&#8217;de banka hesab\u0131 a\u00e7mak"},"content":{"rendered":"\t\t<div data-elementor-type=\"wp-page\" data-elementor-id=\"12672\" class=\"elementor elementor-12672 elementor-2564\" data-elementor-post-type=\"page\">\n\t\t\t\t\t\t<section class=\"elementor-section elementor-top-section elementor-element elementor-element-1c303fc elementor-section-height-min-height elementor-section-full_width elementor-section-items-stretch elementor-section-height-default\" data-id=\"1c303fc\" data-element_type=\"section\" data-e-type=\"section\" data-settings=\"{&quot;background_background&quot;:&quot;classic&quot;}\">\n\t\t\t\t\t\t\t<div class=\"elementor-background-overlay\"><\/div>\n\t\t\t\t\t\t\t<div class=\"elementor-container elementor-column-gap-default\">\n\t\t\t\t\t<div class=\"elementor-column elementor-col-100 elementor-top-column elementor-element elementor-element-0d1a4a8\" data-id=\"0d1a4a8\" data-element_type=\"column\" data-e-type=\"column\">\n\t\t\t<div class=\"elementor-widget-wrap elementor-element-populated\">\n\t\t\t\t\t\t<div class=\"elementor-element elementor-element-2cd88d3 elementor-widget elementor-widget-heading\" data-id=\"2cd88d3\" data-element_type=\"widget\" data-e-type=\"widget\" data-widget_type=\"heading.default\">\n\t\t\t\t<div class=\"elementor-widget-container\">\n\t\t\t\t\t<h2 class=\"elementor-heading-title elementor-size-default\">T\u00fcrkiye&#8217;de banka hesab\u0131 a\u00e7mak<\/h2>\t\t\t\t<\/div>\n\t\t\t\t<\/div>\n\t\t\t\t\t<\/div>\n\t\t<\/div>\n\t\t\t\t\t<\/div>\n\t\t<\/section>\n\t\t\t\t<section class=\"elementor-section elementor-top-section elementor-element elementor-element-1e7cbbd elementor-section-boxed elementor-section-height-default elementor-section-height-default\" data-id=\"1e7cbbd\" data-element_type=\"section\" data-e-type=\"section\">\n\t\t\t\t\t\t<div class=\"elementor-container elementor-column-gap-default\">\n\t\t\t\t\t<div class=\"elementor-column elementor-col-100 elementor-top-column elementor-element elementor-element-373dfac\" data-id=\"373dfac\" data-element_type=\"column\" data-e-type=\"column\">\n\t\t\t<div class=\"elementor-widget-wrap elementor-element-populated\">\n\t\t\t\t\t\t<div class=\"elementor-element elementor-element-4d38a8b elementor-widget elementor-widget-text-editor\" data-id=\"4d38a8b\" data-element_type=\"widget\" data-e-type=\"widget\" data-widget_type=\"text-editor.default\">\n\t\t\t\t<div class=\"elementor-widget-container\">\n\t\t\t\t\t\t\t\t\t<p>E\u011fer yurtd\u0131\u015f\u0131na e\u011fitim amac\u0131yla g\u00f6\u00e7 etmeyi d\u00fc\u015f\u00fcnenlerden biriyseniz, ticaretle u\u011fra\u015f\u0131yorsan\u0131z veya dolar ve euro kazanmay\u0131 planl\u0131yorsan\u0131z, size uluslararas\u0131 bir hesap a\u00e7man\u0131z\u0131 \u00f6neriyoruz.<\/p>\t\t\t\t\t\t\t\t<\/div>\n\t\t\t\t<\/div>\n\t\t\t\t<div class=\"elementor-element elementor-element-6eb9289 elementor-widget-divider--view-line_icon elementor-view-default elementor-widget-divider--element-align-center elementor-widget elementor-widget-divider\" data-id=\"6eb9289\" data-element_type=\"widget\" data-e-type=\"widget\" data-widget_type=\"divider.default\">\n\t\t\t\t<div class=\"elementor-widget-container\">\n\t\t\t\t\t\t\t<div class=\"elementor-divider\">\n\t\t\t<span class=\"elementor-divider-separator\">\n\t\t\t\t\t\t\t<div class=\"elementor-icon elementor-divider__element\">\n\t\t\t\t\t<i aria-hidden=\"true\" class=\"fas fa-newspaper\"><\/i><\/div>\n\t\t\t\t\t\t<\/span>\n\t\t<\/div>\n\t\t\t\t\t\t<\/div>\n\t\t\t\t<\/div>\n\t\t\t\t<section class=\"elementor-section elementor-inner-section elementor-element elementor-element-4b1fb9d elementor-section-boxed elementor-section-height-default elementor-section-height-default\" data-id=\"4b1fb9d\" data-element_type=\"section\" data-e-type=\"section\">\n\t\t\t\t\t\t<div class=\"elementor-container elementor-column-gap-default\">\n\t\t\t\t\t<div class=\"elementor-column elementor-col-50 elementor-inner-column elementor-element elementor-element-0afe37d\" data-id=\"0afe37d\" data-element_type=\"column\" data-e-type=\"column\">\n\t\t\t<div class=\"elementor-widget-wrap elementor-element-populated\">\n\t\t\t\t\t\t<div class=\"elementor-element elementor-element-d096435 elementor-widget elementor-widget-heading\" data-id=\"d096435\" data-element_type=\"widget\" data-e-type=\"widget\" data-widget_type=\"heading.default\">\n\t\t\t\t<div class=\"elementor-widget-container\">\n\t\t\t\t\t<h2 class=\"elementor-heading-title elementor-size-default\">T\u00fcrkiye'de Uluslararas\u0131 Banka Hesab\u0131 A\u00e7ma<\/h2>\t\t\t\t<\/div>\n\t\t\t\t<\/div>\n\t\t\t\t<div class=\"elementor-element elementor-element-b82c0f8 elementor-widget elementor-widget-text-editor\" data-id=\"b82c0f8\" data-element_type=\"widget\" data-e-type=\"widget\" data-widget_type=\"text-editor.default\">\n\t\t\t\t<div class=\"elementor-widget-container\">\n\t\t\t\t\t\t\t\t\t<p>Uluslararas\u0131 bir hesap a\u00e7mak, sadece dolar ve euro cinsinden bir hesap sahibi olman\u0131z\u0131 sa\u011flamakla kalmaz, ayn\u0131 zamanda sizi k\u00fcresel bir vatanda\u015f yapar; yani d\u00fcnyan\u0131n di\u011fer b\u00f6lgeleriyle finansal i\u015flemler yapabilen bir vatanda\u015f. Uluslararas\u0131 bir hesap a\u00e7arak, kolayca uluslararas\u0131 d\u00f6viz hesaplar\u0131na eri\u015febilir ve finansal i\u015flerinizde bu hesaplar\u0131 rahatl\u0131kla kullanabilirsiniz.<\/p>\n<p>Bir\u00e7ok banka, hesap a\u00e7mak i\u00e7in belirli ve basit kurallara sahiptir, ancak yapt\u0131r\u0131mlar nedeniyle bir\u00e7ok \u00fclke, \u00f6zellikle de bir \u00fclkede ikamet etmeyen \u0130ranl\u0131lar i\u00e7in hesap a\u00e7mamaktad\u0131r. \u00c7\u00fcnk\u00fc bir\u00e7ok \u00fclke, ikametgah veya vatanda\u015fl\u0131k olmayan \u0130ranl\u0131lar i\u00e7in hesap a\u00e7mamaktad\u0131r.<\/p>\n\t\t\t\t\t\t\t\t<\/div>\n\t\t\t\t<\/div>\n\t\t\t\t\t<\/div>\n\t\t<\/div>\n\t\t\t\t<div class=\"elementor-column elementor-col-50 elementor-inner-column elementor-element elementor-element-ce3eea2\" data-id=\"ce3eea2\" data-element_type=\"column\" data-e-type=\"column\">\n\t\t\t<div class=\"elementor-widget-wrap elementor-element-populated\">\n\t\t\t\t\t\t<div class=\"elementor-element elementor-element-d74bb3c elementor-align-center elementor-widget elementor-widget-lottie\" data-id=\"d74bb3c\" data-element_type=\"widget\" data-e-type=\"widget\" data-settings=\"{&quot;source_json&quot;:{&quot;url&quot;:&quot;https:\\\/\\\/hafeztaplux.com\\\/wp-content\\\/uploads\\\/2023\\\/08\\\/animation_ll6gq2d5.json&quot;,&quot;id&quot;:2547,&quot;size&quot;:&quot;&quot;,&quot;alt&quot;:&quot;&quot;,&quot;source&quot;:&quot;library&quot;},&quot;loop&quot;:&quot;yes&quot;,&quot;source&quot;:&quot;media_file&quot;,&quot;caption_source&quot;:&quot;none&quot;,&quot;link_to&quot;:&quot;none&quot;,&quot;trigger&quot;:&quot;arriving_to_viewport&quot;,&quot;viewport&quot;:{&quot;unit&quot;:&quot;%&quot;,&quot;size&quot;:&quot;&quot;,&quot;sizes&quot;:{&quot;start&quot;:0,&quot;end&quot;:100}},&quot;play_speed&quot;:{&quot;unit&quot;:&quot;px&quot;,&quot;size&quot;:1,&quot;sizes&quot;:[]},&quot;start_point&quot;:{&quot;unit&quot;:&quot;%&quot;,&quot;size&quot;:0,&quot;sizes&quot;:[]},&quot;end_point&quot;:{&quot;unit&quot;:&quot;%&quot;,&quot;size&quot;:100,&quot;sizes&quot;:[]},&quot;renderer&quot;:&quot;svg&quot;}\" data-widget_type=\"lottie.default\">\n\t\t\t\t<div class=\"elementor-widget-container\">\n\t\t\t\t\t<div class=\"e-lottie__container\"><div class=\"e-lottie__animation\"><\/div><\/div>\t\t\t\t<\/div>\n\t\t\t\t<\/div>\n\t\t\t\t\t<\/div>\n\t\t<\/div>\n\t\t\t\t\t<\/div>\n\t\t<\/section>\n\t\t\t\t<div class=\"elementor-element elementor-element-e259611 elementor-widget elementor-widget-heading\" data-id=\"e259611\" data-element_type=\"widget\" data-e-type=\"widget\" data-widget_type=\"heading.default\">\n\t\t\t\t<div class=\"elementor-widget-container\">\n\t\t\t\t\t<h2 class=\"elementor-heading-title elementor-size-default\">Uluslararas\u0131 Bir Banka Hesab\u0131na Sahip Olman\u0131n Gereklili\u011fi<\/h2>\t\t\t\t<\/div>\n\t\t\t\t<\/div>\n\t\t\t\t<div class=\"elementor-element elementor-element-22219c0 elementor-widget elementor-widget-text-editor\" data-id=\"22219c0\" data-element_type=\"widget\" data-e-type=\"widget\" data-widget_type=\"text-editor.default\">\n\t\t\t\t<div class=\"elementor-widget-container\">\n\t\t\t\t\t\t\t\t\t<p>Bir\u00e7ok \u00fclke, o \u00fclkede ikametgah veya vatanda\u015fl\u0131k olmayan \u0130ranl\u0131lar i\u00e7in hesap a\u00e7maya istekli de\u011fildir. Bu problemler sadece ticaretle u\u011fra\u015fan insanlarla s\u0131n\u0131rl\u0131 kalmaz, ayn\u0131 zamanda b\u00fcy\u00fck bir \u00f6\u011frenci grubu, Amazon&#8217;da mal satanlar, YouTuber&#8217;lar ve serbest \u00e7al\u0131\u015fan herkes i\u00e7in de ge\u00e7erlidir.<\/p>\n<p>Genel olarak, t\u00fcm bu ki\u015filer gelirlerini almakta bir\u00e7ok zorlukla kar\u015f\u0131la\u015f\u0131r ve baz\u0131lar\u0131 gelirlerini bile alamayabilir. Peki \u00e7\u00f6z\u00fcm ne olabilir? T\u00fcrk h\u00fck\u00fcmeti, \u0130ran h\u00fck\u00fcmetiyle i\u015fbirli\u011fi yaparak baz\u0131 bankalar\u0131na, ikametgah\u0131 olmayan ki\u015filere uluslararas\u0131 hesap a\u00e7ma ve belirli ko\u015fullarla k\u00fcresel hizmetlerinden faydalanma izni vermi\u015ftir.<\/p>\n<p><strong>Uluslararas\u0131 Bir Banka Hesab\u0131na Sahip Olman\u0131n Avantajlar\u0131<\/strong><\/p>\n<p>Maalesef son y\u0131llarda ABD yapt\u0131r\u0131mlar\u0131 nedeniyle, \u0130ranl\u0131 hi\u00e7bir banka D\u00fcnya Bankas\u0131 a\u011f\u0131na \u00fcye olamam\u0131\u015ft\u0131r ve bu nedenle \u0130ranl\u0131lar, \u0130ran i\u00e7inden yurtd\u0131\u015f\u0131na d\u00f6viz transferi g\u00f6nderemezler, hatta yurt d\u0131\u015f\u0131ndan d\u00f6viz transferi almak da m\u00fcmk\u00fcn de\u011fildir. Bir\u00e7ok ki\u015fi, paralar\u0131n\u0131 manuel olarak transfer etmek veya almak zorunda kalmaktad\u0131r, bu da hem \u00e7ok riskli hem de pahal\u0131d\u0131r. Bu arada, uluslararas\u0131 bir banka hesab\u0131 a\u00e7mak, bu problemlerin \u00e7o\u011funu \u00e7\u00f6zebilir.<\/p>\n<p>T\u00fcrkiye&#8217;de bir uluslararas\u0131 hesap a\u00e7mak i\u00e7in kimlik belgelerinizi getirmeniz gerekmektedir. T\u00fcrkiye&#8217;de, pasaportu olmayan ki\u015filer i\u00e7in hesap a\u00e7\u0131lamaz. Hesap a\u00e7\u0131l\u0131\u015f\u0131yla birlikte ba\u015fvuranlara Visa kart ve MasterCard verilmektedir. Bu kartlar birka\u00e7 farkl\u0131 t\u00fcrde verilebilir.<\/p>\n\t\t\t\t\t\t\t\t<\/div>\n\t\t\t\t<\/div>\n\t\t\t\t<section class=\"elementor-section elementor-inner-section elementor-element elementor-element-fc65f7a elementor-section-boxed elementor-section-height-default elementor-section-height-default\" data-id=\"fc65f7a\" data-element_type=\"section\" data-e-type=\"section\">\n\t\t\t\t\t\t<div class=\"elementor-container elementor-column-gap-default\">\n\t\t\t\t\t<div class=\"elementor-column elementor-col-100 elementor-inner-column elementor-element elementor-element-dab57e4\" data-id=\"dab57e4\" data-element_type=\"column\" data-e-type=\"column\">\n\t\t\t<div class=\"elementor-widget-wrap elementor-element-populated\">\n\t\t\t\t\t\t<div class=\"elementor-element elementor-element-b3c2ad2 elementor-widget elementor-widget-heading\" data-id=\"b3c2ad2\" data-element_type=\"widget\" data-e-type=\"widget\" data-widget_type=\"heading.default\">\n\t\t\t\t<div class=\"elementor-widget-container\">\n\t\t\t\t\t<h2 class=\"elementor-heading-title elementor-size-default\">Uluslararas\u0131 Banka Hesab\u0131 T\u00fcrleri<\/h2>\t\t\t\t<\/div>\n\t\t\t\t<\/div>\n\t\t\t\t<div class=\"elementor-element elementor-element-806456f elementor-widget elementor-widget-text-editor\" data-id=\"806456f\" data-element_type=\"widget\" data-e-type=\"widget\" data-widget_type=\"text-editor.default\">\n\t\t\t\t<div class=\"elementor-widget-container\">\n\t\t\t\t\t\t\t\t\t<p><strong>Ki\u015fisel Hesaplar<\/strong><\/p>\n<p>Bir ki\u015fi olarak, dolar, euro hatta sterlin cinsinden bir ki\u015fisel hesap talep edebilirsiniz. Genel olarak, ki\u015fisel hesaplar, baz\u0131 \u00fclkelerde ikametgah gerekmeksizin kolayca a\u00e7\u0131labilirken, di\u011fer baz\u0131 \u00fclkelerde ba\u015fvuru sahiplerinin bir ikamet kart\u0131na veya \u00f6zel ko\u015fullara sahip olmalar\u0131 gerekmektedir.<\/p>\n<p>T\u00fcrkiye gibi \u00fclkelerde, ikamet kart\u0131na ihtiya\u00e7 duymadan kolayca bankaya gidip dolar ve euro cinsinden bir hesap a\u00e7abilir ve MasterCard veya Visa kart\u0131 alabilirsiniz.<\/p>\n<p>Bu hesap ve fiziksel kartlar arac\u0131l\u0131\u011f\u0131yla, MasterCard veya Visa \u00fcyesi olan d\u00fcnya \u00e7ap\u0131ndaki hesaplar\u0131n\u0131za eri\u015febilirsiniz. Nakit alabilir veya online al\u0131\u015fveri\u015f yapabilirsiniz&#8230; Genel olarak, uluslararas\u0131 bir hesaba sahip olmak, d\u00fcnya ile finansal i\u015flemler yapman\u0131z\u0131 sa\u011flayan \u00f6zel olanaklar sunar.<\/p>\n<p><strong>Kurumsal Hesaplar<\/strong><\/p>\n<p>Kurumsal hesaplar a\u00e7mak, ki\u015fisel hesaplar kadar kolay de\u011fildir, \u00e7\u00fcnk\u00fc bir kurumsal hesap a\u00e7abilmek i\u00e7in \u00f6ncelikle o \u00fclkede bir \u015firket kayd\u0131 yapman\u0131z ve \u015firketin kay\u0131t belgelerini kullanarak bir kurumsal hesap a\u00e7man\u0131z gerekmektedir.<\/p>\n<p>Unutmay\u0131n ki kurumsal hesaplar vergilendirilmektedir, bu y\u00fczden \u015firketiniz i\u00e7in bir finansal dan\u0131\u015fman edinmek zorunludur, \u00e7\u00fcnk\u00fc \u00e7o\u011fu durumda o \u00fclkenin vergi yasalar\u0131 hakk\u0131nda bilgi sahibi olmayabilirsiniz.<\/p>\n\t\t\t\t\t\t\t\t<\/div>\n\t\t\t\t<\/div>\n\t\t\t\t\t<\/div>\n\t\t<\/div>\n\t\t\t\t\t<\/div>\n\t\t<\/section>\n\t\t\t\t\t<\/div>\n\t\t<\/div>\n\t\t\t\t\t<\/div>\n\t\t<\/section>\n\t\t\t\t<\/div>\n\t\t","protected":false},"excerpt":{"rendered":"<p>E\u011fer yurtd\u0131\u015f\u0131na e\u011fitim amac\u0131yla g\u00f6\u00e7 etmeyi d\u00fc\u015f\u00fcnenlerden biriyseniz, ticaretle u\u011fra\u015f\u0131yorsan\u0131z veya dolar ve euro kazanmay\u0131 planl\u0131yorsan\u0131z, size uluslararas\u0131 bir hesap a\u00e7man\u0131z\u0131 \u00f6neriyoruz. T\u00fcrkiye&#8217;de Uluslararas\u0131 Banka Hesab\u0131 A\u00e7ma Uluslararas\u0131 bir hesap a\u00e7mak, sadece dolar ve euro cinsinden bir hesap sahibi olman\u0131z\u0131 sa\u011flamakla kalmaz, ayn\u0131 zamanda sizi k\u00fcresel bir vatanda\u015f yapar; yani d\u00fcnyan\u0131n di\u011fer b\u00f6lgeleriyle finansal i\u015flemler [&hellip;]<\/p>\n","protected":false},"author":1,"featured_media":12674,"parent":0,"menu_order":0,"comment_status":"closed","ping_status":"closed","template":"","meta":{"footnotes":""},"class_list":["post-12672","page","type-page","status-publish","has-post-thumbnail","hentry"],"yoast_head":"<!-- This site is optimized with the Yoast SEO Premium plugin v23.0 (Yoast SEO v26.5) - https:\/\/yoast.com\/wordpress\/plugins\/seo\/ -->\n<title>T\u00fcrkiye&#039;de banka hesab\u0131 a\u00e7mak , T\u00fcrkiye\u2019de Emlak Sat\u0131n Alma, T\u00fcrkiye ve Kuzey K\u0131br\u0131s&#039;ta Oturma ve Vatanda\u015fl\u0131k<\/title>\n<meta name=\"description\" content=\"T\u00fcrkiye&#039;de banka hesab\u0131 a\u00e7mak , T\u00fcrkiye&#039;de Emlak Sat\u0131n Alma, T\u00fcrkiye ve Kuzey K\u0131br\u0131s&#039;ta Oturma ve Vatanda\u015fl\u0131k, T\u00fcrk Pasaportu Alma, T\u00fcrkiye&#039;de \u0130kamet\" \/>\n<meta name=\"robots\" content=\"index, follow, max-snippet:-1, max-image-preview:large, max-video-preview:-1\" \/>\n<link rel=\"canonical\" href=\"https:\/\/hafeztaplux.com\/turkiyede-banka-hesabi-acmak\/?lang=tr\" \/>\n<meta property=\"og:locale\" content=\"tr_TR\" \/>\n<meta property=\"og:type\" content=\"article\" \/>\n<meta property=\"og:title\" content=\"T\u00fcrkiye&#039;de banka hesab\u0131 a\u00e7mak , T\u00fcrkiye\u2019de Emlak Sat\u0131n Alma, T\u00fcrkiye ve Kuzey K\u0131br\u0131s&#039;ta Oturma ve Vatanda\u015fl\u0131k\" \/>\n<meta property=\"og:description\" content=\"T\u00fcrkiye&#039;de banka hesab\u0131 a\u00e7mak , T\u00fcrkiye&#039;de Emlak Sat\u0131n Alma, T\u00fcrkiye ve Kuzey K\u0131br\u0131s&#039;ta Oturma ve Vatanda\u015fl\u0131k, T\u00fcrk Pasaportu Alma, T\u00fcrkiye&#039;de \u0130kamet\" \/>\n<meta property=\"og:url\" content=\"https:\/\/hafeztaplux.com\/turkiyede-banka-hesabi-acmak\/?lang=tr\" \/>\n<meta property=\"og:site_name\" content=\"\u062e\u0631\u06cc\u062f \u0645\u0644\u06a9 \u062f\u0631 \u062a\u0631\u06a9\u06cc\u0647 \u060c \u0627\u062e\u0630 \u0634\u0647\u0631\u0648\u0646\u062f\u06cc \u062a\u0631\u06a9\u06cc\u0647 \u060c \u0627\u0642\u0627\u0645\u062a \u062a\u0631\u06a9\u06cc\u0647 \u060c \u062d\u0627\u0641\u0638 \u062a\u067e\u0644\u0648\u06a9\u0633\" \/>\n<meta property=\"article:modified_time\" content=\"2025-01-11T10:21:04+00:00\" \/>\n<meta property=\"og:image\" content=\"https:\/\/hafeztaplux.com\/wp-content\/uploads\/2023\/08\/Opening-Bank-Account-in-Turkeyy.webp\" \/>\n\t<meta property=\"og:image:width\" content=\"1694\" \/>\n\t<meta property=\"og:image:height\" content=\"800\" \/>\n\t<meta property=\"og:image:type\" content=\"image\/webp\" \/>\n<meta name=\"twitter:card\" content=\"summary_large_image\" \/>\n<meta name=\"twitter:title\" content=\"T\u00fcrkiye&#039;de banka hesab\u0131 a\u00e7mak , T\u00fcrkiye\u2019de Emlak Sat\u0131n Alma, T\u00fcrkiye ve Kuzey K\u0131br\u0131s&#039;ta Oturma ve Vatanda\u015fl\u0131k\" \/>\n<meta name=\"twitter:description\" content=\"T\u00fcrkiye&#039;de banka hesab\u0131 a\u00e7mak , T\u00fcrkiye&#039;de Emlak Sat\u0131n Alma, T\u00fcrkiye ve Kuzey K\u0131br\u0131s&#039;ta Oturma ve Vatanda\u015fl\u0131k, T\u00fcrk Pasaportu Alma, T\u00fcrkiye&#039;de \u0130kamet\" \/>\n<meta name=\"twitter:label1\" content=\"Tahmini okuma s\u00fcresi\" \/>\n\t<meta name=\"twitter:data1\" content=\"3 dakika\" \/>\n<script type=\"application\/ld+json\" class=\"yoast-schema-graph\">{\"@context\":\"https:\/\/schema.org\",\"@graph\":[{\"@type\":\"WebPage\",\"@id\":\"https:\/\/hafeztaplux.com\/turkiyede-banka-hesabi-acmak\/?lang=tr\",\"url\":\"https:\/\/hafeztaplux.com\/turkiyede-banka-hesabi-acmak\/?lang=tr\",\"name\":\"T\u00fcrkiye'de banka hesab\u0131 a\u00e7mak , T\u00fcrkiye\u2019de Emlak Sat\u0131n Alma, T\u00fcrkiye ve Kuzey K\u0131br\u0131s'ta Oturma ve Vatanda\u015fl\u0131k\",\"isPartOf\":{\"@id\":\"https:\/\/hafeztaplux.com\/#website\"},\"primaryImageOfPage\":{\"@id\":\"https:\/\/hafeztaplux.com\/turkiyede-banka-hesabi-acmak\/?lang=tr#primaryimage\"},\"image\":{\"@id\":\"https:\/\/hafeztaplux.com\/turkiyede-banka-hesabi-acmak\/?lang=tr#primaryimage\"},\"thumbnailUrl\":\"https:\/\/hafeztaplux.com\/wp-content\/uploads\/2023\/08\/Opening-Bank-Account-in-Turkeyy.webp\",\"datePublished\":\"2023-08-11T10:51:05+00:00\",\"dateModified\":\"2025-01-11T10:21:04+00:00\",\"description\":\"T\u00fcrkiye'de banka hesab\u0131 a\u00e7mak , T\u00fcrkiye'de Emlak Sat\u0131n Alma, T\u00fcrkiye ve Kuzey K\u0131br\u0131s'ta Oturma ve Vatanda\u015fl\u0131k, T\u00fcrk Pasaportu Alma, T\u00fcrkiye'de \u0130kamet\",\"inLanguage\":\"tr\",\"potentialAction\":[{\"@type\":\"ReadAction\",\"target\":[\"https:\/\/hafeztaplux.com\/turkiyede-banka-hesabi-acmak\/?lang=tr\"]}]},{\"@type\":\"ImageObject\",\"inLanguage\":\"tr\",\"@id\":\"https:\/\/hafeztaplux.com\/turkiyede-banka-hesabi-acmak\/?lang=tr#primaryimage\",\"url\":\"https:\/\/hafeztaplux.com\/wp-content\/uploads\/2023\/08\/Opening-Bank-Account-in-Turkeyy.webp\",\"contentUrl\":\"https:\/\/hafeztaplux.com\/wp-content\/uploads\/2023\/08\/Opening-Bank-Account-in-Turkeyy.webp\",\"width\":1694,\"height\":800},{\"@type\":\"WebSite\",\"@id\":\"https:\/\/hafeztaplux.com\/#website\",\"url\":\"https:\/\/hafeztaplux.com\/\",\"name\":\"Hafez Taplux Group\",\"description\":\"\u0627\u0631\u0627\u0626\u0647 \u062e\u062f\u0645\u0627\u062a \u062e\u0631\u064a\u062f \u0645\u0644\u0643 \u060c \u0627\u0642\u0627\u0645\u062a\u060c \u0627\u062e\u0630 \u0634\u0647\u0631\u0648\u0646\u062f\u06cc \u062a\u0631\u0643\u064a\u0647 \u060c \u0645\u0647\u0627\u062c\u0631\u062a \u0628\u0647 \u062a\u0631\u06a9\u06cc\u0647 \u0648 \u0642\u0628\u0631\u0633 \u0634\u0645\u0627\u0644\u06cc\",\"publisher\":{\"@id\":\"https:\/\/hafeztaplux.com\/#organization\"},\"potentialAction\":[{\"@type\":\"SearchAction\",\"target\":{\"@type\":\"EntryPoint\",\"urlTemplate\":\"https:\/\/hafeztaplux.com\/?s={search_term_string}\"},\"query-input\":{\"@type\":\"PropertyValueSpecification\",\"valueRequired\":true,\"valueName\":\"search_term_string\"}}],\"inLanguage\":\"tr\"},{\"@type\":\"Organization\",\"@id\":\"https:\/\/hafeztaplux.com\/#organization\",\"name\":\"Hafez Taplux Group\",\"url\":\"https:\/\/hafeztaplux.com\/\",\"logo\":{\"@type\":\"ImageObject\",\"inLanguage\":\"tr\",\"@id\":\"https:\/\/hafeztaplux.com\/#\/schema\/logo\/image\/\",\"url\":\"https:\/\/hafeztaplux.com\/wp-content\/uploads\/2023\/08\/Site-Logo.png\",\"contentUrl\":\"https:\/\/hafeztaplux.com\/wp-content\/uploads\/2023\/08\/Site-Logo.png\",\"width\":742,\"height\":225,\"caption\":\"Hafez Taplux Group\"},\"image\":{\"@id\":\"https:\/\/hafeztaplux.com\/#\/schema\/logo\/image\/\"},\"sameAs\":[\"https:\/\/www.instagram.com\/hafeztaplux.group\/\",\"https:\/\/www.youtube.com\/@hafeztapluxgroup\"]}]}<\/script>\n<!-- \/ Yoast SEO Premium plugin. -->","yoast_head_json":{"title":"T\u00fcrkiye'de banka hesab\u0131 a\u00e7mak , T\u00fcrkiye\u2019de Emlak Sat\u0131n Alma, T\u00fcrkiye ve Kuzey K\u0131br\u0131s'ta Oturma ve Vatanda\u015fl\u0131k","description":"T\u00fcrkiye'de banka hesab\u0131 a\u00e7mak , T\u00fcrkiye'de Emlak Sat\u0131n Alma, T\u00fcrkiye ve Kuzey K\u0131br\u0131s'ta Oturma ve Vatanda\u015fl\u0131k, T\u00fcrk Pasaportu Alma, T\u00fcrkiye'de \u0130kamet","robots":{"index":"index","follow":"follow","max-snippet":"max-snippet:-1","max-image-preview":"max-image-preview:large","max-video-preview":"max-video-preview:-1"},"canonical":"https:\/\/hafeztaplux.com\/turkiyede-banka-hesabi-acmak\/?lang=tr","og_locale":"tr_TR","og_type":"article","og_title":"T\u00fcrkiye'de banka hesab\u0131 a\u00e7mak , T\u00fcrkiye\u2019de Emlak Sat\u0131n Alma, T\u00fcrkiye ve Kuzey K\u0131br\u0131s'ta Oturma ve Vatanda\u015fl\u0131k","og_description":"T\u00fcrkiye'de banka hesab\u0131 a\u00e7mak , T\u00fcrkiye'de Emlak Sat\u0131n Alma, T\u00fcrkiye ve Kuzey K\u0131br\u0131s'ta Oturma ve Vatanda\u015fl\u0131k, T\u00fcrk Pasaportu Alma, T\u00fcrkiye'de \u0130kamet","og_url":"https:\/\/hafeztaplux.com\/turkiyede-banka-hesabi-acmak\/?lang=tr","og_site_name":"\u062e\u0631\u06cc\u062f \u0645\u0644\u06a9 \u062f\u0631 \u062a\u0631\u06a9\u06cc\u0647 \u060c \u0627\u062e\u0630 \u0634\u0647\u0631\u0648\u0646\u062f\u06cc \u062a\u0631\u06a9\u06cc\u0647 \u060c \u0627\u0642\u0627\u0645\u062a \u062a\u0631\u06a9\u06cc\u0647 \u060c \u062d\u0627\u0641\u0638 \u062a\u067e\u0644\u0648\u06a9\u0633","article_modified_time":"2025-01-11T10:21:04+00:00","og_image":[{"width":1694,"height":800,"url":"https:\/\/hafeztaplux.com\/wp-content\/uploads\/2023\/08\/Opening-Bank-Account-in-Turkeyy.webp","type":"image\/webp"}],"twitter_card":"summary_large_image","twitter_title":"T\u00fcrkiye'de banka hesab\u0131 a\u00e7mak , T\u00fcrkiye\u2019de Emlak Sat\u0131n Alma, T\u00fcrkiye ve Kuzey K\u0131br\u0131s'ta Oturma ve Vatanda\u015fl\u0131k","twitter_description":"T\u00fcrkiye'de banka hesab\u0131 a\u00e7mak , T\u00fcrkiye'de Emlak Sat\u0131n Alma, T\u00fcrkiye ve Kuzey K\u0131br\u0131s'ta Oturma ve Vatanda\u015fl\u0131k, T\u00fcrk Pasaportu Alma, T\u00fcrkiye'de \u0130kamet","twitter_misc":{"Tahmini okuma s\u00fcresi":"3 dakika"},"schema":{"@context":"https:\/\/schema.org","@graph":[{"@type":"WebPage","@id":"https:\/\/hafeztaplux.com\/turkiyede-banka-hesabi-acmak\/?lang=tr","url":"https:\/\/hafeztaplux.com\/turkiyede-banka-hesabi-acmak\/?lang=tr","name":"T\u00fcrkiye'de banka hesab\u0131 a\u00e7mak , T\u00fcrkiye\u2019de Emlak Sat\u0131n Alma, T\u00fcrkiye ve Kuzey K\u0131br\u0131s'ta Oturma ve Vatanda\u015fl\u0131k","isPartOf":{"@id":"https:\/\/hafeztaplux.com\/#website"},"primaryImageOfPage":{"@id":"https:\/\/hafeztaplux.com\/turkiyede-banka-hesabi-acmak\/?lang=tr#primaryimage"},"image":{"@id":"https:\/\/hafeztaplux.com\/turkiyede-banka-hesabi-acmak\/?lang=tr#primaryimage"},"thumbnailUrl":"https:\/\/hafeztaplux.com\/wp-content\/uploads\/2023\/08\/Opening-Bank-Account-in-Turkeyy.webp","datePublished":"2023-08-11T10:51:05+00:00","dateModified":"2025-01-11T10:21:04+00:00","description":"T\u00fcrkiye'de banka hesab\u0131 a\u00e7mak , T\u00fcrkiye'de Emlak Sat\u0131n Alma, T\u00fcrkiye ve Kuzey K\u0131br\u0131s'ta Oturma ve Vatanda\u015fl\u0131k, T\u00fcrk Pasaportu Alma, T\u00fcrkiye'de \u0130kamet","inLanguage":"tr","potentialAction":[{"@type":"ReadAction","target":["https:\/\/hafeztaplux.com\/turkiyede-banka-hesabi-acmak\/?lang=tr"]}]},{"@type":"ImageObject","inLanguage":"tr","@id":"https:\/\/hafeztaplux.com\/turkiyede-banka-hesabi-acmak\/?lang=tr#primaryimage","url":"https:\/\/hafeztaplux.com\/wp-content\/uploads\/2023\/08\/Opening-Bank-Account-in-Turkeyy.webp","contentUrl":"https:\/\/hafeztaplux.com\/wp-content\/uploads\/2023\/08\/Opening-Bank-Account-in-Turkeyy.webp","width":1694,"height":800},{"@type":"WebSite","@id":"https:\/\/hafeztaplux.com\/#website","url":"https:\/\/hafeztaplux.com\/","name":"Hafez Taplux Group","description":"\u0627\u0631\u0627\u0626\u0647 \u062e\u062f\u0645\u0627\u062a \u062e\u0631\u064a\u062f \u0645\u0644\u0643 \u060c \u0627\u0642\u0627\u0645\u062a\u060c \u0627\u062e\u0630 \u0634\u0647\u0631\u0648\u0646\u062f\u06cc \u062a\u0631\u0643\u064a\u0647 \u060c \u0645\u0647\u0627\u062c\u0631\u062a \u0628\u0647 \u062a\u0631\u06a9\u06cc\u0647 \u0648 \u0642\u0628\u0631\u0633 \u0634\u0645\u0627\u0644\u06cc","publisher":{"@id":"https:\/\/hafeztaplux.com\/#organization"},"potentialAction":[{"@type":"SearchAction","target":{"@type":"EntryPoint","urlTemplate":"https:\/\/hafeztaplux.com\/?s={search_term_string}"},"query-input":{"@type":"PropertyValueSpecification","valueRequired":true,"valueName":"search_term_string"}}],"inLanguage":"tr"},{"@type":"Organization","@id":"https:\/\/hafeztaplux.com\/#organization","name":"Hafez Taplux Group","url":"https:\/\/hafeztaplux.com\/","logo":{"@type":"ImageObject","inLanguage":"tr","@id":"https:\/\/hafeztaplux.com\/#\/schema\/logo\/image\/","url":"https:\/\/hafeztaplux.com\/wp-content\/uploads\/2023\/08\/Site-Logo.png","contentUrl":"https:\/\/hafeztaplux.com\/wp-content\/uploads\/2023\/08\/Site-Logo.png","width":742,"height":225,"caption":"Hafez Taplux Group"},"image":{"@id":"https:\/\/hafeztaplux.com\/#\/schema\/logo\/image\/"},"sameAs":["https:\/\/www.instagram.com\/hafeztaplux.group\/","https:\/\/www.youtube.com\/@hafeztapluxgroup"]}]}},"_links":{"self":[{"href":"https:\/\/hafeztaplux.com\/tr\/wp-json\/wp\/v2\/pages\/12672","targetHints":{"allow":["GET"]}}],"collection":[{"href":"https:\/\/hafeztaplux.com\/tr\/wp-json\/wp\/v2\/pages"}],"about":[{"href":"https:\/\/hafeztaplux.com\/tr\/wp-json\/wp\/v2\/types\/page"}],"author":[{"embeddable":true,"href":"https:\/\/hafeztaplux.com\/tr\/wp-json\/wp\/v2\/users\/1"}],"replies":[{"embeddable":true,"href":"https:\/\/hafeztaplux.com\/tr\/wp-json\/wp\/v2\/comments?post=12672"}],"version-history":[{"count":0,"href":"https:\/\/hafeztaplux.com\/tr\/wp-json\/wp\/v2\/pages\/12672\/revisions"}],"wp:featuredmedia":[{"embeddable":true,"href":"https:\/\/hafeztaplux.com\/tr\/wp-json\/wp\/v2\/media\/12674"}],"wp:attachment":[{"href":"https:\/\/hafeztaplux.com\/tr\/wp-json\/wp\/v2\/media?parent=12672"}],"curies":[{"name":"wp","href":"https:\/\/api.w.org\/{rel}","templated":true}]}}